{"id":18262,"date":"2024-03-11T11:24:40","date_gmt":"2024-03-11T10:24:40","guid":{"rendered":"https:\/\/www.mostradelgelato.com\/nachrichten-und-presse\/"},"modified":"2025-10-16T14:35:14","modified_gmt":"2025-10-16T13:35:14","slug":"nachrichten-und-presse","status":"publish","type":"page","link":"https:\/\/www.mostradelgelato.com\/de\/nachrichten-und-presse\/","title":{"rendered":"Durchschnittliche Fl\u00e4che"},"content":{"rendered":"\t\t<div data-elementor-type=\"wp-page\" data-elementor-id=\"18262\" class=\"elementor elementor-18262 elementor-125\" data-elementor-post-type=\"page\">\n\t\t\t\t<div class=\"elementor-element elementor-element-8467755 e-con-full e-flex e-con e-parent\" data-id=\"8467755\" data-element_type=\"container\">\n\t\t<div class=\"elementor-element elementor-element-5627e1a e-con-full e-flex e-con e-child\" data-id=\"5627e1a\" data-element_type=\"container\">\n\t\t\t\t<div class=\"elementor-element elementor-element-09e2839 elementor-widget elementor-widget-heading\" data-id=\"09e2839\" data-element_type=\"widget\" data-widget_type=\"heading.default\">\n\t\t\t\t<div class=\"elementor-widget-container\">\n\t\t\t\t\t<h1 class=\"elementor-heading-title elementor-size-default\">MEDIENBEREICH<\/h1>\t\t\t\t<\/div>\n\t\t\t\t<\/div>\n\t\t\t\t<\/div>\n\t\t<!-- dce invisible element 238c3b1 -->\t\t<\/div>\n\t\t<!-- dce invisible element da2c3c4 --><!-- dce invisible element 01a1994 --><style id=\"loop-18336\">.elementor-18336 .elementor-element.elementor-element-338fe19{--display:flex;border-style:solid;--border-style:solid;border-width:0px 0px 0px 0px;--border-top-width:0px;--border-right-width:0px;--border-bottom-width:0px;--border-left-width:0px;border-color:var( --e-global-color-c0daac2 );--border-color:var( --e-global-color-c0daac2 );}.elementor-18336 .elementor-element.elementor-element-fbcefbc{--display:flex;--overflow:hidden;--border-radius:8px 8px 8px 8px;}.elementor-18336 .elementor-element.elementor-element-adc01f8 img{width:100%;height:22vw;object-fit:cover;object-position:center center;border-radius:8px 8px 8px 8px;}.elementor-18336 .elementor-element.elementor-element-17da68d .elementor-icon-list-item:not(:last-child):after{content:\"\";height:82%;border-color:var( --e-global-color-text );}.elementor-18336 .elementor-element.elementor-element-17da68d .elementor-icon-list-items:not(.elementor-inline-items) .elementor-icon-list-item:not(:last-child):after{border-top-style:solid;border-top-width:2px;}.elementor-18336 .elementor-element.elementor-element-17da68d .elementor-icon-list-items.elementor-inline-items .elementor-icon-list-item:not(:last-child):after{border-left-style:solid;}.elementor-18336 .elementor-element.elementor-element-17da68d .elementor-inline-items .elementor-icon-list-item:not(:last-child):after{border-left-width:2px;}.elementor-18336 .elementor-element.elementor-element-17da68d .elementor-icon-list-icon{width:14px;}.elementor-18336 .elementor-element.elementor-element-17da68d .elementor-icon-list-icon i{font-size:14px;}.elementor-18336 .elementor-element.elementor-element-17da68d .elementor-icon-list-icon svg{--e-icon-list-icon-size:14px;}.elementor-18336 .elementor-element.elementor-element-17da68d .elementor-icon-list-text, .elementor-18336 .elementor-element.elementor-element-17da68d .elementor-icon-list-text a{color:var( --e-global-color-text );}.elementor-18336 .elementor-element.elementor-element-17da68d .elementor-icon-list-item{font-family:var( --e-global-typography-077ebd2-font-family ), Sans-serif;font-size:var( --e-global-typography-077ebd2-font-size );font-weight:var( --e-global-typography-077ebd2-font-weight );line-height:var( --e-global-typography-077ebd2-line-height );}.elementor-18336 .elementor-element.elementor-element-48db07c{text-align:left;}.elementor-18336 .elementor-element.elementor-element-48db07c .elementor-heading-title{font-family:\"Switzer\", Sans-serif;font-size:clamp(1.75rem, 0.1983rem + 1.7241vw, 3rem);font-weight:500;line-height:1.3em;color:var( --e-global-color-text );}@media(max-width:1024px){.elementor-18336 .elementor-element.elementor-element-adc01f8 img{height:18vh;}.elementor-18336 .elementor-element.elementor-element-17da68d .elementor-icon-list-item{font-size:var( --e-global-typography-077ebd2-font-size );line-height:var( --e-global-typography-077ebd2-line-height );}.elementor-18336 .elementor-element.elementor-element-48db07c .elementor-heading-title{font-size:28px;line-height:1.3em;}}@media(max-width:767px){.elementor-18336 .elementor-element.elementor-element-338fe19{border-width:0px 0px 1px 0px;--border-top-width:0px;--border-right-width:0px;--border-bottom-width:1px;--border-left-width:0px;--padding-top:0px;--padding-bottom:30px;--padding-left:0px;--padding-right:0px;}.elementor-18336 .elementor-element.elementor-element-adc01f8 img{height:70vw;}.elementor-18336 .elementor-element.elementor-element-17da68d .elementor-icon-list-item{font-size:var( --e-global-typography-077ebd2-font-size );line-height:var( --e-global-typography-077ebd2-line-height );}.elementor-18336 .elementor-element.elementor-element-48db07c .elementor-heading-title{font-size:20px;line-height:1.3em;}}\/* Start custom CSS for container, class: .elementor-element-338fe19 *\/.elementor-18336 .elementor-element.elementor-element-338fe19:hover .img-hover {\n  transform: scale(1.05);\n}\n\n.elementor-18336 .elementor-element.elementor-element-338fe19 .img-hover {\n  transition: transform 0.5s ease-in-out;\n  overflow: hidden;\n}\n\n.elementor-18336 .elementor-element.elementor-element-338fe19:hover .elementor-heading-title {\n    color: var(--e-global-color-primary);\n}\/* End custom CSS *\/<\/style><div class=\"elementor-element elementor-element-c36411e e-con-full e-flex e-con e-parent\" data-id=\"c36411e\" data-element_type=\"container\" id=\"accredito\" data-settings=\"{&quot;background_background&quot;:&quot;classic&quot;}\">\n\t\t<div class=\"elementor-element elementor-element-d5e91d4 e-con-full e-flex e-con e-child\" data-id=\"d5e91d4\" data-element_type=\"container\">\n\t\t\t\t<div class=\"elementor-element elementor-element-712371f elementor-widget elementor-widget-heading\" data-id=\"712371f\" data-element_type=\"widget\" data-widget_type=\"heading.default\">\n\t\t\t\t<div class=\"elementor-widget-container\">\n\t\t\t\t\t<h2 class=\"elementor-heading-title elementor-size-default\">\nKommunikation &amp; Marketing<\/h2>\t\t\t\t<\/div>\n\t\t\t\t<\/div>\n\t\t<div class=\"elementor-element elementor-element-57a4af8 e-flex e-con-boxed e-con e-child\" data-id=\"57a4af8\" data-element_type=\"container\">\n\t\t\t\t\t<div class=\"e-con-inner\">\n\t\t\t\t<div class=\"elementor-element elementor-element-f7cc16a elementor-widget elementor-widget-heading\" data-id=\"f7cc16a\" data-element_type=\"widget\" data-widget_type=\"heading.default\">\n\t\t\t\t<div class=\"elementor-widget-container\">\n\t\t\t\t\t<p class=\"elementor-heading-title elementor-size-default\">Franz Zanne<\/p>\t\t\t\t<\/div>\n\t\t\t\t<\/div>\n\t\t<div class=\"elementor-element elementor-element-db4607d e-flex e-con-boxed e-con e-child\" data-id=\"db4607d\" data-element_type=\"container\">\n\t\t\t\t\t<div class=\"e-con-inner\">\n\t\t\t\t<div class=\"elementor-element elementor-element-f64c7be elementor-widget elementor-widget-heading\" data-id=\"f64c7be\" data-element_type=\"widget\" data-widget_type=\"heading.default\">\n\t\t\t\t<div class=\"elementor-widget-container\">\n\t\t\t\t\t<p class=\"elementor-heading-title elementor-size-default\"><a href=\"mailto:\">stampa@longaronefiere.it<\/a><\/p>\t\t\t\t<\/div>\n\t\t\t\t<\/div>\n\t\t\t\t<div class=\"elementor-element elementor-element-09fef61 elementor-widget elementor-widget-heading\" data-id=\"09fef61\" data-element_type=\"widget\" data-widget_type=\"heading.default\">\n\t\t\t\t<div class=\"elementor-widget-container\">\n\t\t\t\t\t<p class=\"elementor-heading-title elementor-size-default\"><a href=\"tel:+39\">+390437577577<\/a><\/p>\t\t\t\t<\/div>\n\t\t\t\t<\/div>\n\t\t\t\t\t<\/div>\n\t\t\t\t<\/div>\n\t\t\t\t\t<\/div>\n\t\t\t\t<\/div>\n\t\t\t\t<\/div>\n\t\t<div class=\"elementor-element elementor-element-95c14d8 e-con-full e-flex e-con e-child\" data-id=\"95c14d8\" data-element_type=\"container\">\n\t\t\t\t<div class=\"elementor-element elementor-element-212a4a4 elementor-widget__width-initial elementor-widget elementor-widget-text-editor\" data-id=\"212a4a4\" data-element_type=\"widget\" data-widget_type=\"text-editor.default\">\n\t\t\t\t<div class=\"elementor-widget-container\">\n\t\t\t\t\t\t\t\t\tDas B\u00fcro f\u00fcr Kommunikation und Marketing von Longarone Fiere bietet Informationen zu Ank\u00fcndigungen, Akkreditierung und mehr. Benutzen Sie das Formular f\u00fcr Anfragen nach Material und Veranstaltungsdetails. \t\t\t\t\t\t\t\t<\/div>\n\t\t\t\t<\/div>\n\t\t\t\t<div class=\"elementor-element elementor-element-36968b4 elementor-widget elementor-widget-heading\" data-id=\"36968b4\" data-element_type=\"widget\" data-widget_type=\"heading.default\">\n\t\t\t\t<div class=\"elementor-widget-container\">\n\t\t\t\t\t<h2 class=\"elementor-heading-title elementor-size-default\">Akkreditierung f\u00fcr Presse und Medien<\/h2>\t\t\t\t<\/div>\n\t\t\t\t<\/div>\n\t\t\t\t<div class=\"elementor-element elementor-element-88044d9 elementor-button-align-end elementor-mobile-button-align-start elementor-tablet-button-align-end elementor-widget elementor-widget-form\" data-id=\"88044d9\" data-element_type=\"widget\" data-settings=\"{&quot;button_width&quot;:&quot;50&quot;,&quot;step_next_label&quot;:&quot;N\\u00e4chste&quot;,&quot;step_previous_label&quot;:&quot;Vorherige&quot;,&quot;step_type&quot;:&quot;number_text&quot;,&quot;step_icon_shape&quot;:&quot;circle&quot;}\" data-widget_type=\"form.default\">\n\t\t\t\t<div class=\"elementor-widget-container\">\n\t\t\t\t\t\t\t<form class=\"elementor-form\" method=\"post\" name=\"Organisieren Form\" aria-label=\"Organisieren Form\">\n\t\t\t<input type=\"hidden\" name=\"post_id\" value=\"18262\"\/>\n\t\t\t<input type=\"hidden\" name=\"form_id\" value=\"88044d9\"\/>\n\t\t\t<input type=\"hidden\" name=\"referer_title\" value=\"MIG &#8211; Mostra Internazionale del Gelato Artigianale\" \/>\n\n\t\t\t\n\t\t\t<div class=\"elementor-form-fields-wrapper elementor-labels-\">\n\t\t\t\t\t\t\t\t<div class=\"elementor-field-type-select elementor-field-group elementor-column elementor-field-group-field_05e7382 elementor-col-100 elementor-field-required\">\n\t\t\t\t\t\t\t\t\t\t\t\t<label for=\"form-field-field_05e7382\" class=\"elementor-field-label elementor-screen-only\">\n\t\t\t\t\t\t\t\tArt der Anfrage\t\t\t\t\t\t\t<\/label>\n\t\t\t\t\t\t\t\t<div class=\"elementor-field elementor-select-wrapper remove-before \">\n\t\t\t<div class=\"select-caret-down-wrapper\">\n\t\t\t\t<svg aria-hidden=\"true\" class=\"e-font-icon-svg e-eicon-caret-down\" viewBox=\"0 0 571.4 571.4\" xmlns=\"http:\/\/www.w3.org\/2000\/svg\"><path d=\"M571 393Q571 407 561 418L311 668Q300 679 286 679T261 668L11 418Q0 407 0 393T11 368 36 357H536Q550 357 561 368T571 393Z\"><\/path><\/svg>\t\t\t<\/div>\n\t\t\t<select name=\"form_fields[field_05e7382]\" id=\"form-field-field_05e7382\" class=\"elementor-field-textual elementor-size-sm\" required=\"required\">\n\t\t\t\t\t\t\t\t\t<option value=\"\"><\/option>\n\t\t\t\t\t\t\t\t\t<option value=\"\"><\/option>\n\t\t\t\t\t\t\t\t\t<option value=\"Presseakkreditierung Pressemappe Informationsanfrage\">Presseakkreditierung Pressemappe Informationsanfrage<\/option>\n\t\t\t\t\t\t\t<\/select>\n\t\t<\/div>\n\t\t\t\t\t\t<\/div>\n\t\t\t\t\t\t\t\t<div class=\"elementor-field-type-text elementor-field-group elementor-column elementor-field-group-name elementor-col-50 elementor-field-required\">\n\t\t\t\t\t\t\t\t\t\t\t\t<label for=\"form-field-name\" class=\"elementor-field-label elementor-screen-only\">\n\t\t\t\t\t\t\t\tVorname\t\t\t\t\t\t\t<\/label>\n\t\t\t\t\t\t\t\t\t\t\t\t\t\t<input size=\"1\" type=\"text\" name=\"form_fields[name]\" id=\"form-field-name\" class=\"elementor-field elementor-size-sm  elementor-field-textual\" placeholder=\"Vorname*\" required=\"required\">\n\t\t\t\t\t\t\t\t\t\t\t<\/div>\n\t\t\t\t\t\t\t\t<div class=\"elementor-field-type-text elementor-field-group elementor-column elementor-field-group-field_724e5a3 elementor-col-50 elementor-field-required\">\n\t\t\t\t\t\t\t\t\t\t\t\t<label for=\"form-field-field_724e5a3\" class=\"elementor-field-label elementor-screen-only\">\n\t\t\t\t\t\t\t\tName\t\t\t\t\t\t\t<\/label>\n\t\t\t\t\t\t\t\t\t\t\t\t\t\t<input size=\"1\" type=\"text\" name=\"form_fields[field_724e5a3]\" id=\"form-field-field_724e5a3\" class=\"elementor-field elementor-size-sm  elementor-field-textual\" placeholder=\"Name\" required=\"required\">\n\t\t\t\t\t\t\t\t\t\t\t<\/div>\n\t\t\t\t\t\t\t\t<div class=\"elementor-field-type-text elementor-field-group elementor-column elementor-field-group-field_1c44a0a elementor-col-50 elementor-field-required\">\n\t\t\t\t\t\t\t\t\t\t\t\t<label for=\"form-field-field_1c44a0a\" class=\"elementor-field-label elementor-screen-only\">\n\t\t\t\t\t\t\t\tQualifizierung\t\t\t\t\t\t\t<\/label>\n\t\t\t\t\t\t\t\t\t\t\t\t\t\t<input size=\"1\" type=\"text\" name=\"form_fields[field_1c44a0a]\" id=\"form-field-field_1c44a0a\" class=\"elementor-field elementor-size-sm  elementor-field-textual\" placeholder=\"Qualifizierung*\" required=\"required\">\n\t\t\t\t\t\t\t\t\t\t\t<\/div>\n\t\t\t\t\t\t\t\t<div class=\"elementor-field-type-text elementor-field-group elementor-column elementor-field-group-field_59534b9 elementor-col-50 elementor-field-required\">\n\t\t\t\t\t\t\t\t\t\t\t\t<label for=\"form-field-field_59534b9\" class=\"elementor-field-label elementor-screen-only\">\n\t\t\t\t\t\t\t\tKopfzeile\t\t\t\t\t\t\t<\/label>\n\t\t\t\t\t\t\t\t\t\t\t\t\t\t<input size=\"1\" type=\"text\" name=\"form_fields[field_59534b9]\" id=\"form-field-field_59534b9\" class=\"elementor-field elementor-size-sm  elementor-field-textual\" placeholder=\"Kopfzeile*\" required=\"required\">\n\t\t\t\t\t\t\t\t\t\t\t<\/div>\n\t\t\t\t\t\t\t\t<div class=\"elementor-field-type-email elementor-field-group elementor-column elementor-field-group-email elementor-col-50 elementor-field-required\">\n\t\t\t\t\t\t\t\t\t\t\t\t<label for=\"form-field-email\" class=\"elementor-field-label elementor-screen-only\">\n\t\t\t\t\t\t\t\tEmail\t\t\t\t\t\t\t<\/label>\n\t\t\t\t\t\t\t\t\t\t\t\t\t\t<input size=\"1\" type=\"email\" name=\"form_fields[email]\" id=\"form-field-email\" class=\"elementor-field elementor-size-sm  elementor-field-textual\" placeholder=\"Email*\" required=\"required\">\n\t\t\t\t\t\t\t\t\t\t\t<\/div>\n\t\t\t\t\t\t\t\t<div class=\"elementor-field-type-tel elementor-field-group elementor-column elementor-field-group-field_da3dce0 elementor-col-50\">\n\t\t\t\t\t\t\t\t\t\t\t\t<label for=\"form-field-field_da3dce0\" class=\"elementor-field-label elementor-screen-only\">\n\t\t\t\t\t\t\t\tTelefon\t\t\t\t\t\t\t<\/label>\n\t\t\t\t\t\t\t\t<input size=\"1\" type=\"tel\" name=\"form_fields[field_da3dce0]\" id=\"form-field-field_da3dce0\" class=\"elementor-field elementor-size-sm  elementor-field-textual\" placeholder=\"Telefon*\" pattern=\"[0-9()#&amp;+*-=.]+\" title=\"Only numbers and phone characters (#, -, *, etc) are accepted.\">\n\n\t\t\t\t\t\t<\/div>\n\t\t\t\t\t\t\t\t<div class=\"elementor-field-type-textarea elementor-field-group elementor-column elementor-field-group-message elementor-col-100\">\n\t\t\t\t\t\t\t\t\t\t\t\t<label for=\"form-field-message\" class=\"elementor-field-label elementor-screen-only\">\n\t\t\t\t\t\t\t\tNachricht\t\t\t\t\t\t\t<\/label>\n\t\t\t\t\t\t<textarea class=\"elementor-field-textual elementor-field  elementor-size-sm\" name=\"form_fields[message]\" id=\"form-field-message\" rows=\"4\" placeholder=\"Nachricht\"><\/textarea>\t\t\t\t<\/div>\n\t\t\t\t\t\t\t\t<div class=\"elementor-field-type-recaptcha_v3 elementor-field-group elementor-column elementor-field-group-field_1ba88b6 elementor-col-100 recaptcha_v3-inline\">\n\t\t\t\t\t<div class=\"elementor-field\" id=\"form-field-field_1ba88b6\"><div class=\"elementor-g-recaptcha\" data-sitekey=\"6Lem_2QqAAAAAAUIm_I89dr8xy60i-q1vGWoVm-l\" data-type=\"v3\" data-action=\"Form\" data-badge=\"inline\" data-size=\"invisible\"><\/div><\/div>\t\t\t\t<\/div>\n\t\t\t\t\t\t\t\t<div class=\"elementor-field-type-acceptance elementor-field-group elementor-column elementor-field-group-field_bdf274f elementor-col-50 elementor-field-required\">\n\t\t\t\t\t\t\t\t\t\t\t\t<label for=\"form-field-field_bdf274f\" class=\"elementor-field-label elementor-screen-only\">\n\t\t\t\t\t\t\t\tPrivacy\t\t\t\t\t\t\t<\/label>\n\t\t\t\t\t\t\t\t<div class=\"elementor-field-subgroup\">\n\t\t\t<span class=\"elementor-field-option\">\n\t\t\t\t<input type=\"checkbox\" name=\"form_fields[field_bdf274f]\" id=\"form-field-field_bdf274f\" class=\"elementor-field elementor-size-sm  elementor-acceptance-field\" required=\"required\">\n\t\t\t\t<label for=\"form-field-field_bdf274f\">Ich akzeptiere die <a href=\"\/privacy\/\">Datenschutzerkl\u00e4rung*<\/a><\/label>\t\t\t<\/span>\n\t\t<\/div>\n\t\t\t\t\t\t<\/div>\n\t\t\t\t\t\t\t\t<div class=\"elementor-field-group elementor-column elementor-field-type-submit elementor-col-50 e-form__buttons\">\n\t\t\t\t\t<button class=\"elementor-button elementor-size-sm\" type=\"submit\">\n\t\t\t\t\t\t<span class=\"elementor-button-content-wrapper\">\n\t\t\t\t\t\t\t\t\t\t\t\t\t\t\t<span class=\"elementor-button-icon\">\n\t\t\t\t\t\t\t\t\t<svg xmlns=\"http:\/\/www.w3.org\/2000\/svg\" xmlns:xlink=\"http:\/\/www.w3.org\/1999\/xlink\" id=\"Livello_2_00000010268573147202076400000003916557212125129918_\" x=\"0px\" y=\"0px\" viewBox=\"0 0 25.8 23.4\" style=\"enable-background:new 0 0 25.8 23.4;\" xml:space=\"preserve\"><polygon points=\"14,23.4 12.6,22 21.9,12.7 0,12.7 0,10.7 21.9,10.7 12.6,1.4 14,0 25.8,11.7 \"><\/polygon><\/svg>\t\t\t\t\t\t\t\t\t\t\t\t\t\t\t\t\t<\/span>\n\t\t\t\t\t\t\t\t\t\t\t\t\t\t\t\t\t\t\t\t\t\t<span class=\"elementor-button-text\">Senden Sie<\/span>\n\t\t\t\t\t\t\t\t\t\t\t\t\t<\/span>\n\t\t\t\t\t<\/button>\n\t\t\t\t<\/div>\n\t\t\t<\/div>\n\t\t<\/form>\n\t\t\t\t\t\t<\/div>\n\t\t\t\t<\/div>\n\t\t\t\t<\/div>\n\t\t\t\t<\/div>\n\t\t<!-- dce invisible element 76f6071 --><div class=\"elementor-element elementor-element-78784f2 e-con-full e-flex e-con e-parent\" data-id=\"78784f2\" data-element_type=\"container\">\n\t\t\t\t<\/div>\n\t\t\t\t<\/div>\n\t\t","protected":false},"excerpt":{"rendered":"<p>MEDIENBEREICH Presseakkreditierung Pressemeldungen Alles anzeigen Alles anzeigen Aktualisierungen Alles anzeigen Alles anzeigen Kommunikation &amp; Marketing Das B\u00fcro f\u00fcr Kommunikation und Marketing von Longarone Fiere bietet Informationen zu Ank\u00fcndigungen, Akkreditierung und mehr. Benutzen Sie das Formular f\u00fcr Anfragen nach Material und Veranstaltungsdetails. Akkreditierung f\u00fcr Presse und Medien Medienpaket Lorem ipsum dolor sit amet, consectetur adipiscing elit. [&hellip;]<\/p>\n","protected":false},"author":14,"featured_media":0,"parent":0,"menu_order":0,"comment_status":"closed","ping_status":"closed","template":"","meta":{"_acf_changed":false,"footnotes":""},"class_list":["post-18262","page","type-page","status-publish","hentry"],"acf":[],"yoast_head":"<!-- This site is optimized with the Yoast SEO plugin v27.4 - https:\/\/yoast.com\/product\/yoast-seo-wordpress\/ -->\n<title>Durchschnittliche Fl\u00e4che - MIG - Mostra Internazionale del Gelato Artigianale<\/title>\n<meta name=\"robots\" content=\"index, follow, max-snippet:-1, max-image-preview:large, max-video-preview:-1\" \/>\n<link rel=\"canonical\" href=\"https:\/\/www.mostradelgelato.com\/de\/nachrichten-und-presse\/\" \/>\n<meta property=\"og:locale\" content=\"de_DE\" \/>\n<meta property=\"og:type\" content=\"article\" \/>\n<meta property=\"og:title\" content=\"Durchschnittliche Fl\u00e4che - MIG - Mostra Internazionale del Gelato Artigianale\" \/>\n<meta property=\"og:description\" content=\"MEDIENBEREICH Presseakkreditierung Pressemeldungen Alles anzeigen Alles anzeigen Aktualisierungen Alles anzeigen Alles anzeigen Kommunikation &amp; Marketing Das B\u00fcro f\u00fcr Kommunikation und Marketing von Longarone Fiere bietet Informationen zu Ank\u00fcndigungen, Akkreditierung und mehr. Benutzen Sie das Formular f\u00fcr Anfragen nach Material und Veranstaltungsdetails. Akkreditierung f\u00fcr Presse und Medien Medienpaket Lorem ipsum dolor sit amet, consectetur adipiscing elit. [&hellip;]\" \/>\n<meta property=\"og:url\" content=\"https:\/\/www.mostradelgelato.com\/de\/nachrichten-und-presse\/\" \/>\n<meta property=\"og:site_name\" content=\"MIG - Mostra Internazionale del Gelato Artigianale\" \/>\n<meta property=\"article:modified_time\" content=\"2025-10-16T13:35:14+00:00\" \/>\n<meta name=\"twitter:card\" content=\"summary_large_image\" \/>\n<script type=\"application\/ld+json\" class=\"yoast-schema-graph\">{\"@context\":\"https:\\\/\\\/schema.org\",\"@graph\":[{\"@type\":\"WebPage\",\"@id\":\"https:\\\/\\\/www.mostradelgelato.com\\\/de\\\/nachrichten-und-presse\\\/\",\"url\":\"https:\\\/\\\/www.mostradelgelato.com\\\/de\\\/nachrichten-und-presse\\\/\",\"name\":\"Durchschnittliche Fl\u00e4che - MIG - Mostra Internazionale del Gelato Artigianale\",\"isPartOf\":{\"@id\":\"https:\\\/\\\/www.mostradelgelato.com\\\/de\\\/#website\"},\"datePublished\":\"2024-03-11T10:24:40+00:00\",\"dateModified\":\"2025-10-16T13:35:14+00:00\",\"breadcrumb\":{\"@id\":\"https:\\\/\\\/www.mostradelgelato.com\\\/de\\\/nachrichten-und-presse\\\/#breadcrumb\"},\"inLanguage\":\"de-DE\",\"potentialAction\":[{\"@type\":\"ReadAction\",\"target\":[\"https:\\\/\\\/www.mostradelgelato.com\\\/de\\\/nachrichten-und-presse\\\/\"]}]},{\"@type\":\"BreadcrumbList\",\"@id\":\"https:\\\/\\\/www.mostradelgelato.com\\\/de\\\/nachrichten-und-presse\\\/#breadcrumb\",\"itemListElement\":[{\"@type\":\"ListItem\",\"position\":1,\"name\":\"Home\",\"item\":\"https:\\\/\\\/www.mostradelgelato.com\\\/de\\\/home\\\/\"},{\"@type\":\"ListItem\",\"position\":2,\"name\":\"Durchschnittliche Fl\u00e4che\"}]},{\"@type\":\"WebSite\",\"@id\":\"https:\\\/\\\/www.mostradelgelato.com\\\/de\\\/#website\",\"url\":\"https:\\\/\\\/www.mostradelgelato.com\\\/de\\\/\",\"name\":\"MIG - Mostra Internazionale del Gelato Artigianale\",\"description\":\"Longarone Fiere Dolomiti\",\"potentialAction\":[{\"@type\":\"SearchAction\",\"target\":{\"@type\":\"EntryPoint\",\"urlTemplate\":\"https:\\\/\\\/www.mostradelgelato.com\\\/de\\\/?s={search_term_string}\"},\"query-input\":{\"@type\":\"PropertyValueSpecification\",\"valueRequired\":true,\"valueName\":\"search_term_string\"}}],\"inLanguage\":\"de-DE\"}]}<\/script>\n<!-- \/ Yoast SEO plugin. -->","yoast_head_json":{"title":"Durchschnittliche Fl\u00e4che - MIG - Mostra Internazionale del Gelato Artigianale","robots":{"index":"index","follow":"follow","max-snippet":"max-snippet:-1","max-image-preview":"max-image-preview:large","max-video-preview":"max-video-preview:-1"},"canonical":"https:\/\/www.mostradelgelato.com\/de\/nachrichten-und-presse\/","og_locale":"de_DE","og_type":"article","og_title":"Durchschnittliche Fl\u00e4che - MIG - Mostra Internazionale del Gelato Artigianale","og_description":"MEDIENBEREICH Presseakkreditierung Pressemeldungen Alles anzeigen Alles anzeigen Aktualisierungen Alles anzeigen Alles anzeigen Kommunikation &amp; Marketing Das B\u00fcro f\u00fcr Kommunikation und Marketing von Longarone Fiere bietet Informationen zu Ank\u00fcndigungen, Akkreditierung und mehr. Benutzen Sie das Formular f\u00fcr Anfragen nach Material und Veranstaltungsdetails. Akkreditierung f\u00fcr Presse und Medien Medienpaket Lorem ipsum dolor sit amet, consectetur adipiscing elit. [&hellip;]","og_url":"https:\/\/www.mostradelgelato.com\/de\/nachrichten-und-presse\/","og_site_name":"MIG - Mostra Internazionale del Gelato Artigianale","article_modified_time":"2025-10-16T13:35:14+00:00","twitter_card":"summary_large_image","schema":{"@context":"https:\/\/schema.org","@graph":[{"@type":"WebPage","@id":"https:\/\/www.mostradelgelato.com\/de\/nachrichten-und-presse\/","url":"https:\/\/www.mostradelgelato.com\/de\/nachrichten-und-presse\/","name":"Durchschnittliche Fl\u00e4che - MIG - Mostra Internazionale del Gelato Artigianale","isPartOf":{"@id":"https:\/\/www.mostradelgelato.com\/de\/#website"},"datePublished":"2024-03-11T10:24:40+00:00","dateModified":"2025-10-16T13:35:14+00:00","breadcrumb":{"@id":"https:\/\/www.mostradelgelato.com\/de\/nachrichten-und-presse\/#breadcrumb"},"inLanguage":"de-DE","potentialAction":[{"@type":"ReadAction","target":["https:\/\/www.mostradelgelato.com\/de\/nachrichten-und-presse\/"]}]},{"@type":"BreadcrumbList","@id":"https:\/\/www.mostradelgelato.com\/de\/nachrichten-und-presse\/#breadcrumb","itemListElement":[{"@type":"ListItem","position":1,"name":"Home","item":"https:\/\/www.mostradelgelato.com\/de\/home\/"},{"@type":"ListItem","position":2,"name":"Durchschnittliche Fl\u00e4che"}]},{"@type":"WebSite","@id":"https:\/\/www.mostradelgelato.com\/de\/#website","url":"https:\/\/www.mostradelgelato.com\/de\/","name":"MIG - Mostra Internazionale del Gelato Artigianale","description":"Longarone Fiere Dolomiti","potentialAction":[{"@type":"SearchAction","target":{"@type":"EntryPoint","urlTemplate":"https:\/\/www.mostradelgelato.com\/de\/?s={search_term_string}"},"query-input":{"@type":"PropertyValueSpecification","valueRequired":true,"valueName":"search_term_string"}}],"inLanguage":"de-DE"}]}},"_links":{"self":[{"href":"https:\/\/www.mostradelgelato.com\/de\/wp-json\/wp\/v2\/pages\/18262","targetHints":{"allow":["GET"]}}],"collection":[{"href":"https:\/\/www.mostradelgelato.com\/de\/wp-json\/wp\/v2\/pages"}],"about":[{"href":"https:\/\/www.mostradelgelato.com\/de\/wp-json\/wp\/v2\/types\/page"}],"author":[{"embeddable":true,"href":"https:\/\/www.mostradelgelato.com\/de\/wp-json\/wp\/v2\/users\/14"}],"replies":[{"embeddable":true,"href":"https:\/\/www.mostradelgelato.com\/de\/wp-json\/wp\/v2\/comments?post=18262"}],"version-history":[{"count":9,"href":"https:\/\/www.mostradelgelato.com\/de\/wp-json\/wp\/v2\/pages\/18262\/revisions"}],"predecessor-version":[{"id":25614,"href":"https:\/\/www.mostradelgelato.com\/de\/wp-json\/wp\/v2\/pages\/18262\/revisions\/25614"}],"wp:attachment":[{"href":"https:\/\/www.mostradelgelato.com\/de\/wp-json\/wp\/v2\/media?parent=18262"}],"curies":[{"name":"wp","href":"https:\/\/api.w.org\/{rel}","templated":true}]}}