{"id":18256,"date":"2024-03-11T11:25:20","date_gmt":"2024-03-11T10:25:20","guid":{"rendered":"https:\/\/www.mostradelgelato.com\/newsletter\/"},"modified":"2025-02-11T09:47:47","modified_gmt":"2025-02-11T08:47:47","slug":"newsletter","status":"publish","type":"page","link":"https:\/\/www.mostradelgelato.com\/de\/newsletter\/","title":{"rendered":"Newsletter"},"content":{"rendered":"\t\t<div data-elementor-type=\"wp-page\" data-elementor-id=\"18256\" class=\"elementor elementor-18256 elementor-131\" data-elementor-post-type=\"page\">\n\t\t\t\t<div class=\"elementor-element elementor-element-f5be2d7 e-con-full e-flex e-con e-parent\" data-id=\"f5be2d7\" data-element_type=\"container\">\n\t\t<div class=\"elementor-element elementor-element-ade9c85 e-con-full e-flex e-con e-child\" data-id=\"ade9c85\" data-element_type=\"container\">\n\t\t\t\t<div class=\"elementor-element elementor-element-26e042f elementor-widget elementor-widget-heading\" data-id=\"26e042f\" data-element_type=\"widget\" data-widget_type=\"heading.default\">\n\t\t\t\t<div class=\"elementor-widget-container\">\n\t\t\t\t\t<h1 class=\"elementor-heading-title elementor-size-default\">NEWSLETTER<\/h1>\t\t\t\t<\/div>\n\t\t\t\t<\/div>\n\t\t\t\t<\/div>\n\t\t\t\t<\/div>\n\t\t<div class=\"elementor-element elementor-element-3ecf494 e-con-full e-flex e-con e-parent\" data-id=\"3ecf494\" data-element_type=\"container\">\n\t\t<div class=\"elementor-element elementor-element-d13a730 e-con-full e-flex e-con e-child\" data-id=\"d13a730\" data-element_type=\"container\">\n\t\t\t\t<div class=\"elementor-element elementor-element-fa8e221 elementor-button-align-end elementor-widget elementor-widget-form\" data-id=\"fa8e221\" data-element_type=\"widget\" data-settings=\"{&quot;button_width&quot;:&quot;50&quot;,&quot;step_next_label&quot;:&quot;N\\u00e4chste&quot;,&quot;step_previous_label&quot;:&quot;Vorherige&quot;,&quot;step_type&quot;:&quot;number_text&quot;,&quot;step_icon_shape&quot;:&quot;circle&quot;}\" data-widget_type=\"form.default\">\n\t\t\t\t<div class=\"elementor-widget-container\">\n\t\t\t\t\t\t\t<form class=\"elementor-form\" method=\"post\" name=\"Organisieren Form\" aria-label=\"Organisieren Form\">\n\t\t\t<input type=\"hidden\" name=\"post_id\" value=\"18256\"\/>\n\t\t\t<input type=\"hidden\" name=\"form_id\" value=\"fa8e221\"\/>\n\t\t\t<input type=\"hidden\" name=\"referer_title\" value=\"MIG &#8211; Mostra Internazionale del Gelato Artigianale\" \/>\n\n\t\t\t\n\t\t\t<div class=\"elementor-form-fields-wrapper elementor-labels-\">\n\t\t\t\t\t\t\t\t<div class=\"elementor-field-type-checkbox elementor-field-group elementor-column elementor-field-group-field_69f7e9f elementor-col-100\">\n\t\t\t\t\t\t\t\t\t\t\t\t<label for=\"form-field-field_69f7e9f\" class=\"elementor-field-label elementor-screen-only\">\n\t\t\t\t\t\t\t\tGruppen\t\t\t\t\t\t\t<\/label>\n\t\t\t\t\t\t<div class=\"elementor-field-subgroup  elementor-subgroup-inline\"><span class=\"elementor-field-option\"><input type=\"checkbox\" value=\"Visitatore\" id=\"form-field-field_69f7e9f-0\" name=\"form_fields[field_69f7e9f][]\"> <label for=\"form-field-field_69f7e9f-0\">Visitatore<\/label><\/span><span class=\"elementor-field-option\"><input type=\"checkbox\" value=\"Espositore\" id=\"form-field-field_69f7e9f-1\" name=\"form_fields[field_69f7e9f][]\"> <label for=\"form-field-field_69f7e9f-1\">Espositore<\/label><\/span><\/div>\t\t\t\t<\/div>\n\t\t\t\t\t\t\t\t<div class=\"elementor-field-type-text elementor-field-group elementor-column elementor-field-group-name elementor-col-50 elementor-field-required\">\n\t\t\t\t\t\t\t\t\t\t\t\t<label for=\"form-field-name\" class=\"elementor-field-label elementor-screen-only\">\n\t\t\t\t\t\t\t\tVorname\t\t\t\t\t\t\t<\/label>\n\t\t\t\t\t\t\t\t\t\t\t\t\t\t<input size=\"1\" type=\"text\" name=\"form_fields[name]\" id=\"form-field-name\" class=\"elementor-field elementor-size-sm  elementor-field-textual\" placeholder=\"Vorname*\" required=\"required\">\n\t\t\t\t\t\t\t\t\t\t\t<\/div>\n\t\t\t\t\t\t\t\t<div class=\"elementor-field-type-text elementor-field-group elementor-column elementor-field-group-field_724e5a3 elementor-col-50 elementor-field-required\">\n\t\t\t\t\t\t\t\t\t\t\t\t<label for=\"form-field-field_724e5a3\" class=\"elementor-field-label elementor-screen-only\">\n\t\t\t\t\t\t\t\tName\t\t\t\t\t\t\t<\/label>\n\t\t\t\t\t\t\t\t\t\t\t\t\t\t<input size=\"1\" type=\"text\" name=\"form_fields[field_724e5a3]\" id=\"form-field-field_724e5a3\" class=\"elementor-field elementor-size-sm  elementor-field-textual\" placeholder=\"Name\" required=\"required\">\n\t\t\t\t\t\t\t\t\t\t\t<\/div>\n\t\t\t\t\t\t\t\t<div class=\"elementor-field-type-email elementor-field-group elementor-column elementor-field-group-email elementor-col-50 elementor-field-required\">\n\t\t\t\t\t\t\t\t\t\t\t\t<label for=\"form-field-email\" class=\"elementor-field-label elementor-screen-only\">\n\t\t\t\t\t\t\t\tEmail\t\t\t\t\t\t\t<\/label>\n\t\t\t\t\t\t\t\t\t\t\t\t\t\t<input size=\"1\" type=\"email\" name=\"form_fields[email]\" id=\"form-field-email\" class=\"elementor-field elementor-size-sm  elementor-field-textual\" placeholder=\"Email*\" required=\"required\">\n\t\t\t\t\t\t\t\t\t\t\t<\/div>\n\t\t\t\t\t\t\t\t<div class=\"elementor-field-type-tel elementor-field-group elementor-column elementor-field-group-field_da3dce0 elementor-col-50\">\n\t\t\t\t\t\t\t\t\t\t\t\t<label for=\"form-field-field_da3dce0\" class=\"elementor-field-label elementor-screen-only\">\n\t\t\t\t\t\t\t\tTelefon\t\t\t\t\t\t\t<\/label>\n\t\t\t\t\t\t\t\t<input size=\"1\" type=\"tel\" name=\"form_fields[field_da3dce0]\" id=\"form-field-field_da3dce0\" class=\"elementor-field elementor-size-sm  elementor-field-textual\" placeholder=\"Telefon\" pattern=\"[0-9()#&amp;+*-=.]+\" title=\"Only numbers and phone characters (#, -, *, etc) are accepted.\">\n\n\t\t\t\t\t\t<\/div>\n\t\t\t\t\t\t\t\t<div class=\"elementor-field-type-recaptcha_v3 elementor-field-group elementor-column elementor-field-group-field_1ba88b6 elementor-col-100 recaptcha_v3-inline\">\n\t\t\t\t\t<div class=\"elementor-field\" id=\"form-field-field_1ba88b6\"><div class=\"elementor-g-recaptcha\" data-sitekey=\"6Lem_2QqAAAAAAUIm_I89dr8xy60i-q1vGWoVm-l\" data-type=\"v3\" data-action=\"Form\" data-badge=\"inline\" data-size=\"invisible\"><\/div><\/div>\t\t\t\t<\/div>\n\t\t\t\t\t\t\t\t<div class=\"elementor-field-type-acceptance elementor-field-group elementor-column elementor-field-group-field_bdf274f elementor-col-50 elementor-field-required\">\n\t\t\t\t\t\t\t\t\t\t\t\t<label for=\"form-field-field_bdf274f\" class=\"elementor-field-label elementor-screen-only\">\n\t\t\t\t\t\t\t\tPrivacy\t\t\t\t\t\t\t<\/label>\n\t\t\t\t\t\t\t\t<div class=\"elementor-field-subgroup\">\n\t\t\t<span class=\"elementor-field-option\">\n\t\t\t\t<input type=\"checkbox\" name=\"form_fields[field_bdf274f]\" id=\"form-field-field_bdf274f\" class=\"elementor-field elementor-size-sm  elementor-acceptance-field\" required=\"required\">\n\t\t\t\t<label for=\"form-field-field_bdf274f\">Ich akzeptiere die <a href=\"https:\/\/www.iubenda.com\/privacy-policy\/26468342\">Datenschutzerkl\u00e4rung*<\/a><\/label>\t\t\t<\/span>\n\t\t<\/div>\n\t\t\t\t\t\t<\/div>\n\t\t\t\t\t\t\t\t<div class=\"elementor-field-group elementor-column elementor-field-type-submit elementor-col-50 e-form__buttons\">\n\t\t\t\t\t<button class=\"elementor-button elementor-size-sm\" type=\"submit\">\n\t\t\t\t\t\t<span class=\"elementor-button-content-wrapper\">\n\t\t\t\t\t\t\t\t\t\t\t\t\t\t\t<span class=\"elementor-button-icon\">\n\t\t\t\t\t\t\t\t\t<svg xmlns=\"http:\/\/www.w3.org\/2000\/svg\" xmlns:xlink=\"http:\/\/www.w3.org\/1999\/xlink\" id=\"Livello_2_00000057830021987184095330000010444913272249365432_\" x=\"0px\" y=\"0px\" viewBox=\"0 0 14.3 13.1\" style=\"enable-background:new 0 0 14.3 13.1;\" xml:space=\"preserve\"><polygon points=\"7.8,13.1 6.7,12 11.5,7.3 0,7.3 0,5.8 11.5,5.8 6.7,1.1 7.8,0 14.3,6.5 \"><\/polygon><\/svg>\t\t\t\t\t\t\t\t\t\t\t\t\t\t\t\t\t<\/span>\n\t\t\t\t\t\t\t\t\t\t\t\t\t\t\t\t\t\t\t\t\t\t<span class=\"elementor-button-text\">ANMELDUNG ZUM<\/span>\n\t\t\t\t\t\t\t\t\t\t\t\t\t<\/span>\n\t\t\t\t\t<\/button>\n\t\t\t\t<\/div>\n\t\t\t<\/div>\n\t\t<\/form>\n\t\t\t\t\t\t<\/div>\n\t\t\t\t<\/div>\n\t\t\t\t<\/div>\n\t\t<div class=\"elementor-element elementor-element-d6d3f8a e-con-full e-flex e-con e-child\" data-id=\"d6d3f8a\" data-element_type=\"container\">\n\t\t\t\t<div class=\"elementor-element elementor-element-bd94f9f elementor-widget__width-initial elementor-widget elementor-widget-text-editor\" data-id=\"bd94f9f\" data-element_type=\"widget\" data-widget_type=\"text-editor.default\">\n\t\t\t\t<div class=\"elementor-widget-container\">\n\t\t\t\t\t\t\t\t\t<p>Schreiben Sie uns, um weitere Informationen oder Unterst\u00fctzung vom Longarone Fiere-Team zu erhalten.<\/p>\n\t\t\t\t\t\t\t\t<\/div>\n\t\t\t\t<\/div>\n\t\t\t\t<div class=\"elementor-element elementor-element-e207e06 elementor-widget__width-initial elementor-widget elementor-widget-text-editor\" data-id=\"e207e06\" data-element_type=\"widget\" data-widget_type=\"text-editor.default\">\n\t\t\t\t<div class=\"elementor-widget-container\">\n\t\t\t\t\t\t\t\t\t<p>Wir werden Ihre Daten mit Respekt behandeln. Sie k\u00f6nnen Ihre Meinung jederzeit \u00e4ndern , indem Sie auf den Abmeldelink der sich am Ende jeder E-Mail befindet , die Sie von uns erhalten, oder indem Sie an <a href=\"mailto:stampa@longaronefiere.it\">stampa@longaronefiere.it<\/a> schreiben. <\/p>\n\t\t\t\t\t\t\t\t<\/div>\n\t\t\t\t<\/div>\n\t\t\t\t<\/div>\n\t\t\t\t<\/div>\n\t\t\t\t<\/div>\n\t\t","protected":false},"excerpt":{"rendered":"<p>NEWSLETTER Schreiben Sie uns, um weitere Informationen oder Unterst\u00fctzung vom Longarone Fiere-Team zu erhalten. Wir werden Ihre Daten mit Respekt behandeln. Sie k\u00f6nnen Ihre Meinung jederzeit \u00e4ndern , indem Sie auf den Abmeldelink der sich am Ende jeder E-Mail befindet , die Sie von uns erhalten, oder indem Sie an stampa@longaronefiere.it schreiben.<\/p>\n","protected":false},"author":14,"featured_media":0,"parent":0,"menu_order":0,"comment_status":"closed","ping_status":"closed","template":"","meta":{"_acf_changed":false,"footnotes":""},"class_list":["post-18256","page","type-page","status-publish","hentry"],"acf":[],"yoast_head":"<!-- This site is optimized with the Yoast SEO plugin v27.4 - https:\/\/yoast.com\/product\/yoast-seo-wordpress\/ -->\n<title>Newsletter - MIG - Mostra Internazionale del Gelato Artigianale<\/title>\n<meta name=\"robots\" content=\"index, follow, max-snippet:-1, max-image-preview:large, max-video-preview:-1\" \/>\n<link rel=\"canonical\" href=\"https:\/\/www.mostradelgelato.com\/de\/newsletter\/\" \/>\n<meta property=\"og:locale\" content=\"de_DE\" \/>\n<meta property=\"og:type\" content=\"article\" \/>\n<meta property=\"og:title\" content=\"Newsletter - MIG - Mostra Internazionale del Gelato Artigianale\" \/>\n<meta property=\"og:description\" content=\"NEWSLETTER Schreiben Sie uns, um weitere Informationen oder Unterst\u00fctzung vom Longarone Fiere-Team zu erhalten. Wir werden Ihre Daten mit Respekt behandeln. Sie k\u00f6nnen Ihre Meinung jederzeit \u00e4ndern , indem Sie auf den Abmeldelink der sich am Ende jeder E-Mail befindet , die Sie von uns erhalten, oder indem Sie an stampa@longaronefiere.it schreiben.\" \/>\n<meta property=\"og:url\" content=\"https:\/\/www.mostradelgelato.com\/de\/newsletter\/\" \/>\n<meta property=\"og:site_name\" content=\"MIG - Mostra Internazionale del Gelato Artigianale\" \/>\n<meta property=\"article:modified_time\" content=\"2025-02-11T08:47:47+00:00\" \/>\n<meta name=\"twitter:card\" content=\"summary_large_image\" \/>\n<meta name=\"twitter:label1\" content=\"Est. reading time\" \/>\n\t<meta name=\"twitter:data1\" content=\"1 minute\" \/>\n<script type=\"application\/ld+json\" class=\"yoast-schema-graph\">{\"@context\":\"https:\\\/\\\/schema.org\",\"@graph\":[{\"@type\":\"WebPage\",\"@id\":\"https:\\\/\\\/www.mostradelgelato.com\\\/de\\\/newsletter\\\/\",\"url\":\"https:\\\/\\\/www.mostradelgelato.com\\\/de\\\/newsletter\\\/\",\"name\":\"Newsletter - MIG - Mostra Internazionale del Gelato Artigianale\",\"isPartOf\":{\"@id\":\"https:\\\/\\\/www.mostradelgelato.com\\\/de\\\/#website\"},\"datePublished\":\"2024-03-11T10:25:20+00:00\",\"dateModified\":\"2025-02-11T08:47:47+00:00\",\"breadcrumb\":{\"@id\":\"https:\\\/\\\/www.mostradelgelato.com\\\/de\\\/newsletter\\\/#breadcrumb\"},\"inLanguage\":\"de-DE\",\"potentialAction\":[{\"@type\":\"ReadAction\",\"target\":[\"https:\\\/\\\/www.mostradelgelato.com\\\/de\\\/newsletter\\\/\"]}]},{\"@type\":\"BreadcrumbList\",\"@id\":\"https:\\\/\\\/www.mostradelgelato.com\\\/de\\\/newsletter\\\/#breadcrumb\",\"itemListElement\":[{\"@type\":\"ListItem\",\"position\":1,\"name\":\"Home\",\"item\":\"https:\\\/\\\/www.mostradelgelato.com\\\/de\\\/home\\\/\"},{\"@type\":\"ListItem\",\"position\":2,\"name\":\"Newsletter\"}]},{\"@type\":\"WebSite\",\"@id\":\"https:\\\/\\\/www.mostradelgelato.com\\\/de\\\/#website\",\"url\":\"https:\\\/\\\/www.mostradelgelato.com\\\/de\\\/\",\"name\":\"MIG - Mostra Internazionale del Gelato Artigianale\",\"description\":\"Longarone Fiere Dolomiti\",\"potentialAction\":[{\"@type\":\"SearchAction\",\"target\":{\"@type\":\"EntryPoint\",\"urlTemplate\":\"https:\\\/\\\/www.mostradelgelato.com\\\/de\\\/?s={search_term_string}\"},\"query-input\":{\"@type\":\"PropertyValueSpecification\",\"valueRequired\":true,\"valueName\":\"search_term_string\"}}],\"inLanguage\":\"de-DE\"}]}<\/script>\n<!-- \/ Yoast SEO plugin. -->","yoast_head_json":{"title":"Newsletter - MIG - Mostra Internazionale del Gelato Artigianale","robots":{"index":"index","follow":"follow","max-snippet":"max-snippet:-1","max-image-preview":"max-image-preview:large","max-video-preview":"max-video-preview:-1"},"canonical":"https:\/\/www.mostradelgelato.com\/de\/newsletter\/","og_locale":"de_DE","og_type":"article","og_title":"Newsletter - MIG - Mostra Internazionale del Gelato Artigianale","og_description":"NEWSLETTER Schreiben Sie uns, um weitere Informationen oder Unterst\u00fctzung vom Longarone Fiere-Team zu erhalten. Wir werden Ihre Daten mit Respekt behandeln. Sie k\u00f6nnen Ihre Meinung jederzeit \u00e4ndern , indem Sie auf den Abmeldelink der sich am Ende jeder E-Mail befindet , die Sie von uns erhalten, oder indem Sie an stampa@longaronefiere.it schreiben.","og_url":"https:\/\/www.mostradelgelato.com\/de\/newsletter\/","og_site_name":"MIG - Mostra Internazionale del Gelato Artigianale","article_modified_time":"2025-02-11T08:47:47+00:00","twitter_card":"summary_large_image","twitter_misc":{"Est. reading time":"1 minute"},"schema":{"@context":"https:\/\/schema.org","@graph":[{"@type":"WebPage","@id":"https:\/\/www.mostradelgelato.com\/de\/newsletter\/","url":"https:\/\/www.mostradelgelato.com\/de\/newsletter\/","name":"Newsletter - MIG - Mostra Internazionale del Gelato Artigianale","isPartOf":{"@id":"https:\/\/www.mostradelgelato.com\/de\/#website"},"datePublished":"2024-03-11T10:25:20+00:00","dateModified":"2025-02-11T08:47:47+00:00","breadcrumb":{"@id":"https:\/\/www.mostradelgelato.com\/de\/newsletter\/#breadcrumb"},"inLanguage":"de-DE","potentialAction":[{"@type":"ReadAction","target":["https:\/\/www.mostradelgelato.com\/de\/newsletter\/"]}]},{"@type":"BreadcrumbList","@id":"https:\/\/www.mostradelgelato.com\/de\/newsletter\/#breadcrumb","itemListElement":[{"@type":"ListItem","position":1,"name":"Home","item":"https:\/\/www.mostradelgelato.com\/de\/home\/"},{"@type":"ListItem","position":2,"name":"Newsletter"}]},{"@type":"WebSite","@id":"https:\/\/www.mostradelgelato.com\/de\/#website","url":"https:\/\/www.mostradelgelato.com\/de\/","name":"MIG - Mostra Internazionale del Gelato Artigianale","description":"Longarone Fiere Dolomiti","potentialAction":[{"@type":"SearchAction","target":{"@type":"EntryPoint","urlTemplate":"https:\/\/www.mostradelgelato.com\/de\/?s={search_term_string}"},"query-input":{"@type":"PropertyValueSpecification","valueRequired":true,"valueName":"search_term_string"}}],"inLanguage":"de-DE"}]}},"_links":{"self":[{"href":"https:\/\/www.mostradelgelato.com\/de\/wp-json\/wp\/v2\/pages\/18256","targetHints":{"allow":["GET"]}}],"collection":[{"href":"https:\/\/www.mostradelgelato.com\/de\/wp-json\/wp\/v2\/pages"}],"about":[{"href":"https:\/\/www.mostradelgelato.com\/de\/wp-json\/wp\/v2\/types\/page"}],"author":[{"embeddable":true,"href":"https:\/\/www.mostradelgelato.com\/de\/wp-json\/wp\/v2\/users\/14"}],"replies":[{"embeddable":true,"href":"https:\/\/www.mostradelgelato.com\/de\/wp-json\/wp\/v2\/comments?post=18256"}],"version-history":[{"count":13,"href":"https:\/\/www.mostradelgelato.com\/de\/wp-json\/wp\/v2\/pages\/18256\/revisions"}],"predecessor-version":[{"id":24704,"href":"https:\/\/www.mostradelgelato.com\/de\/wp-json\/wp\/v2\/pages\/18256\/revisions\/24704"}],"wp:attachment":[{"href":"https:\/\/www.mostradelgelato.com\/de\/wp-json\/wp\/v2\/media?parent=18256"}],"curies":[{"name":"wp","href":"https:\/\/api.w.org\/{rel}","templated":true}]}}