{"id":18214,"date":"2024-10-23T21:02:42","date_gmt":"2024-10-23T20:02:42","guid":{"rendered":"https:\/\/www.mostradelgelato.com\/?page_id=18214"},"modified":"2024-10-23T21:02:42","modified_gmt":"2024-10-23T20:02:42","slug":"eiscreme-fur-die-olympiadeverordnung","status":"publish","type":"page","link":"https:\/\/www.mostradelgelato.com\/de\/eiscreme-fur-die-olympiadeverordnung\/","title":{"rendered":"EISCREME F\u00dcR DIE OLYMPIADEVERORDNUNG"},"content":{"rendered":"<p class=\"western\" align=\"left\"><span style=\"font-family: Calibri, sans-serif;\"><span style=\"font-size: medium;\">Anl\u00e4sslich der MIG &#8211; Internationale Ausstellung f\u00fcr handwerklich hergestelltes Speiseeis in Longarone (BL) organisieren der Verband <b>GAT &#8211; Gelato Artisans Triveneto <\/b>und das GA &#8211; Nationales Komitee f\u00fcr den Schutz und die Verbreitung von handwerklich hergestelltem und hausgemachtem Speiseeis, unter der Schirmherrschaft von ARTGLACE &#8211; Verband der Verb\u00e4nde der handwerklichen Speiseeishersteller der Europ\u00e4ischen Gemeinschaft und in Zusammenarbeit mit Longarone Fiere Dolomiti, den Eiswettbewerb namens<\/span><\/span><\/p>\n<p class=\"western\" align=\"center\"><span style=\"font-family: Calibri, sans-serif;\"><span style=\"font-size: medium;\"><b>EISCREME F\u00dcR DIE OLYMPIADE<\/b><\/span><\/span><\/p>\n<p class=\"western\" align=\"left\"><span style=\"color: #000000;\"><span style=\"font-family: Calibri, sans-serif;\"><span style=\"font-size: medium;\">mit dem Ziel, die Arbeit und die beruflichen und kreativen F\u00e4higkeiten von handwerklichen Speiseeisherstellern bei der Herstellung und Pr\u00e4sentation von handwerklich hergestelltem Speiseeis zu f\u00f6rdern und zu verbessern &#8211;  <\/span><\/span><\/span><span style=\"color: #000000;\"><span style=\"font-family: Calibri, sans-serif;\"><span style=\"font-size: medium;\"><b>die Verwendung von nat\u00fcrlichen Produkten und Rohstoffen, die mit den hervorragenden landwirtschaftlichen Erzeugnissen der italienischen Gebiete verbunden sind<\/b><\/span><\/span><\/span><span style=\"color: #000000;\"><span style=\"font-family: Calibri, sans-serif;\"><span style=\"font-size: medium;\">  &#8211; die die Werte und Ziele der  <\/span><\/span><\/span><span style=\"color: #000000;\"><span style=\"font-family: Calibri, sans-serif;\"><span style=\"font-size: medium;\"><b>Mailand Cortina 2026 Olympische Winterspiele und Paralympics,  <\/b><\/span><\/span><\/span><span style=\"color: #000000;\"><span style=\"font-family: Calibri, sans-serif;\"><span style=\"font-size: medium;\">oder:  <\/span><\/span><\/span><span style=\"color: #000000;\"><span style=\"font-family: Calibri, sans-serif;\"><span style=\"font-size: medium;\">Spiele f\u00fcr alle, nachhaltige Entwicklung und Zusammenarbeit in der alpinen Makroregion, F\u00f6rderung des olympischen Geistes, die Alpen als wichtiger Austragungsort f\u00fcr Sportveranstaltungen, St\u00e4rkung der olympischen Marke und Wertsch\u00f6pfung der olympischen Bewegung.<\/span><\/span><\/span><\/p>\n<p class=\"western\" align=\"left\"><span style=\"font-family: Calibri, sans-serif;\"><span style=\"font-size: medium;\"><b>Artikulation des Wettbewerbs<\/b><\/span><\/span><\/p>\n<p class=\"western\" align=\"left\"><span style=\"font-family: Calibri, sans-serif;\"><span style=\"font-size: medium;\">Der Wettbewerb ist in drei Phasen unterteilt, von denen die ersten beiden w\u00e4hrend der MIG 2023 bzw. 2024 stattfinden werden. In jeder Phase werden die f\u00fcnf besten Gewinner ermittelt, die dann an der Endausscheidung teilnehmen, die w\u00e4hrend der MIG 2025 stattfinden wird und aus zehn Kandidaten besteht (auch wenn der in den beiden Vorphasen pr\u00e4sentierte Geschmack ver\u00e4ndert wird).   <\/span><\/span><\/p>\n<p class=\"western\" align=\"justify\"><span style=\"font-family: Calibri, sans-serif;\"><span style=\"font-size: medium;\"><b>Beitritt<\/b><\/span><\/span><\/p>\n<p class=\"western\" align=\"justify\"><span style=\"color: #000000;\"><span style=\"font-family: Calibri, sans-serif;\">Teilnehmen k\u00f6nnen Personen beiderlei Geschlechts, die in Italien oder im Ausland als Speiseeishersteller (Inhaber oder Angestellter) arbeiten. Die Teilnahme an der ersten Etappe und die Lieferung der Eisprobe in einem Thermobecher von mindestens 500 g. muss am Tag der Veranstaltung stattfinden    <\/span><\/span><span style=\"color: #000000;\"><span style=\"font-family: Calibri, sans-serif;\"><b>Sonntag, 24. November 2024 von 10 bis 13 Uhr. <\/b><\/span><\/span><span style=\"color: #000000;\"><span style=\"font-family: Calibri, sans-serif;\">im Sekretariat in der MIG Arena.<\/span><\/span><\/p>\n<p class=\"western\" align=\"justify\"><span style=\"font-family: Calibri, sans-serif;\">Diejenigen, die an der ersten Phase teilgenommen haben, k\u00f6nnen auch an der zweiten Phase teilnehmen.  <\/span><\/p>\n<p class=\"western\" align=\"justify\"><span style=\"color: #c9211e;\"><span style=\"font-family: Calibri, sans-serif;\"><b>Die Mitgliedschaft ist kostenlos.<\/b><\/span><\/span><\/p>\n<p class=\"western\" align=\"justify\"><span style=\"font-family: Calibri, sans-serif;\"><b>Ziel des Wettbewerbs<\/b><\/span><\/p>\n<p class=\"western\" align=\"justify\"><span style=\"font-family: Calibri, sans-serif;\">Gegenstand des Wettbewerbs ist die Zubereitung einer Eissorte eigener Wahl, die die Werte der Olympischen und Paralympischen Winterspiele Mailand &#8211; Cortina 2026 repr\u00e4sentiert. Zu diesem Zweck muss der Pr\u00e4sentation der Geschmacksrichtung ein Rezept beigef\u00fcgt werden, in dem die verwendeten Zutaten, auch in Bezug auf den Gegenstand des Wettbewerbs, angegeben sind. <\/span><\/p>\n<p class=\"western\" align=\"justify\"><span style=\"color: #000000;\"><span style=\"font-family: Calibri, sans-serif;\">Der Teilnehmer muss die typischen Verfahren f\u00fcr die traditionelle Zubereitung von handwerklich hergestelltem Speiseeis einhalten. <\/span><\/span><span style=\"color: #000000;\"><span style=\"font-family: Calibri, sans-serif;\"><span style=\"font-size: medium;\"><b>Produkte und nat\u00fcrliche Rohstoffe verwenden, die mit den Agrar- und Ern\u00e4hrungsexzellenzen der italienischen Gebiete<\/b><\/span><\/span><\/span> <span style=\"color: #000000;\"><span style=\"font-family: Calibri, sans-serif;\">ihrer Wahl. <\/span><\/span> <\/p>\n<p class=\"western\" align=\"justify\"><span style=\"font-family: Calibri, sans-serif;\">Das Rezept muss dann bei der Pr\u00e4sentation vor der Jury illustriert werden.<\/span><\/p>\n<p class=\"western\" align=\"justify\"><span style=\"color: #000000;\"><span style=\"font-family: Calibri, sans-serif;\">Die Jury gibt \u00f6ffentlich eine Stimme von 1 bis 9 ab und ber\u00fccksichtigt dabei den Geschmack und die Textur<\/span><\/span><span style=\"color: #000000;\"><span style=\"font-family: Calibri, sans-serif;\"> des Eises sowie die Interpretation des Themas.<\/span><\/span><\/p>\n<p class=\"western\" align=\"justify\"><span style=\"font-family: Calibri, sans-serif;\">Die Rangfolge ergibt sich aus der Summe der von jedem Juror abgegebenen Stimmen. Bei Stimmengleichheit wird die Jury eine weitere Bewertung vornehmen, die den Ausschlag gibt. <\/span><\/p>\n<p class=\"western\" align=\"justify\"><span style=\"font-family: Calibri, sans-serif;\"><b>Operative Aspekte<\/b><\/span><\/p>\n<p class=\"western\" align=\"justify\"><span style=\"font-family: Calibri, sans-serif;\">Die Teilnehmer k\u00f6nnen ihr Eis mitbringen, das sie bereits in ihrer eigenen Werkstatt zubereitet haben, oder es in den auf der Messe eingerichteten Werkst\u00e4tten zubereiten, die bei der Anmeldung angegeben werden und die notwendigen Zutaten direkt bereitstellen. Milch, Sahne, Saccharose, Dextrose, dehydrierter Glukosesirup, neutrale Sahne und neutrale Fr\u00fcchte werden zur Verf\u00fcgung gestellt. <\/span><\/p>\n<p class=\"western\" align=\"justify\"><span style=\"font-family: Calibri, sans-serif;\">Alle Hygienevorschriften m\u00fcssen eingehalten werden und die Mitarbeiter der Eisdielen m\u00fcssen sich in ihrer Eisdielenuniform pr\u00e4sentieren, ohne Einschr\u00e4nkung von Namen, Marken usw.<\/span><\/p>\n<p class=\"western\" align=\"justify\"><span style=\"font-family: Calibri, sans-serif;\"><b>Pr\u00e4sentation und Bewertung<\/b><\/span><\/p>\n<p class=\"western\" align=\"justify\"><span style=\"color: #000000;\"><span style=\"font-family: Calibri, sans-serif;\">Die Eisverkostung findet auch am <\/span><\/span><span style=\"color: #000000;\"><span style=\"font-family: Calibri, sans-serif;\"><b>Sonntag 24 November<\/b><\/span><\/span><span style=\"color: #000000;\"><span style=\"font-family: Calibri, sans-serif;\">in der <\/span><\/span><span style=\"color: #000000;\"><span style=\"font-family: Calibri, sans-serif;\"><b>MIG Arena (Halle A1) ab 14.30 Uhr statt.<\/b><\/span><\/span><span style=\"color: #000000;\"><span style=\"font-family: Calibri, sans-serif;\">. <\/span><\/span><span style=\"font-family: Calibri, sans-serif;\">Die Reihenfolge der Pr\u00e4sentation und die Uhrzeit werden am selben Tag am Ende der Registrierung ausgelost und bekannt gegeben.<\/span><\/p>\n<p class=\"western\" align=\"left\"><span style=\"font-family: Calibri, sans-serif;\"><span style=\"font-size: medium;\"><b>Auszeichnungen &#8211; Urkunden<\/b><\/span><\/span><\/p>\n<p class=\"western\" align=\"left\"><span style=\"font-family: Calibri, sans-serif;\"><span style=\"font-size: medium;\">Alle Teilnehmer des Wettbewerbs erhalten eine Teilnahmeurkunde sowie Gadgets\/Merchandising von der Cortina Foundation.<\/span><\/span><\/p>\n<p class=\"western\" align=\"left\"><span style=\"font-family: Calibri, sans-serif;\"><span style=\"font-size: medium;\">Pers\u00f6nliche Urkunden f\u00fcr die 5 Erstplatzierten<\/span><\/span><\/p>\n<p class=\"western\" align=\"left\"><span style=\"font-family: Calibri, sans-serif;\"><span style=\"font-size: medium;\">Die erstplatzierte Gewinnerin jeder Phase erh\u00e4lt einen Pass f\u00fcr zwei Personen, um als Gast die Rennen der Frauen-Weltmeisterschaft im Januar 2024 und Januar 2025 zu verfolgen;<\/span><\/span><\/p>\n<p class=\"western\" align=\"left\"><span style=\"color: #000000;\"><span style=\"font-family: Calibri, sans-serif;\"><span style=\"font-size: medium;\">Der Erstplatzierte der Endrunde 2025 hat Anspruch auf einen von der Cortina Foundation zur Verf\u00fcgung gestellten Pass f\u00fcr zwei Personen f\u00fcr ein Olympia-Rennen 2026.<\/span><\/span><\/span><\/p>\n<p class=\"western\" align=\"left\"><span style=\"font-family: Calibri, sans-serif;\">Alle Phasen des Wettbewerbs werden Gegenstand von Pr\u00e4sentationen, Pressemitteilungen, Interviews und Videos sein.<\/span><\/p>\n<p class=\"western\" align=\"justify\"><span style=\"font-family: Calibri, sans-serif;\"><span style=\"font-size: medium;\"><b>Verantwortung<\/b><\/span><\/span><\/p>\n<p class=\"western\" align=\"justify\"><span style=\"font-family: Calibri, sans-serif;\"><span style=\"font-size: medium;\">Die Organisation lehnt jede Haftung im Rahmen der Veranstaltung f\u00fcr Sch\u00e4den ab, die von den Teilnehmern selbst erlitten oder verursacht werden, gleich welcher Art.<\/span><\/span><\/p>\n<p class=\"western\" align=\"justify\"><span style=\"font-family: Calibri, sans-serif;\"><span style=\"font-size: medium;\"><b>\u00c4nderungen der Regeln und Streitigkeiten<\/b><\/span><\/span><\/p>\n<p class=\"western\" align=\"justify\"><span style=\"font-family: Calibri, sans-serif;\"><span style=\"font-size: medium;\">Die Organisatoren behalten sich das Recht vor, \u00c4nderungen am Reglement vorzunehmen, um den Wettbewerb zu verbessern, nachdem sie die Teilnehmer dar\u00fcber informiert haben.  <\/span><\/span><\/p>\n<p class=\"western\" align=\"justify\"><span style=\"font-family: Calibri, sans-serif;\"><span style=\"font-size: medium;\">Der Ausgang der Wettbewerbsstufen wird durch das unanfechtbare Urteil der Jurys bestimmt.<\/span><\/span><\/p>\n","protected":false},"excerpt":{"rendered":"<p>Anl\u00e4sslich der MIG &#8211; Internationale Ausstellung f\u00fcr handwerklich hergestelltes Speiseeis in Longarone (BL) organisieren der Verband GAT &#8211; Gelato Artisans Triveneto und das GA &#8211; Nationales Komitee f\u00fcr den Schutz und die Verbreitung von handwerklich hergestelltem und hausgemachtem Speiseeis, unter der Schirmherrschaft von ARTGLACE &#8211; Verband der Verb\u00e4nde der handwerklichen Speiseeishersteller der Europ\u00e4ischen Gemeinschaft und [&hellip;]<\/p>\n","protected":false},"author":14,"featured_media":0,"parent":0,"menu_order":0,"comment_status":"closed","ping_status":"closed","template":"","meta":{"_acf_changed":false,"footnotes":""},"class_list":["post-18214","page","type-page","status-publish","hentry"],"acf":[],"yoast_head":"<!-- This site is optimized with the Yoast SEO plugin v27.4 - https:\/\/yoast.com\/product\/yoast-seo-wordpress\/ -->\n<title>EISCREME F\u00dcR DIE OLYMPIADEVERORDNUNG - MIG - Mostra Internazionale del Gelato Artigianale<\/title>\n<meta name=\"robots\" content=\"index, follow, max-snippet:-1, max-image-preview:large, max-video-preview:-1\" \/>\n<link rel=\"canonical\" href=\"https:\/\/www.mostradelgelato.com\/de\/eiscreme-fur-die-olympiadeverordnung\/\" \/>\n<meta property=\"og:locale\" content=\"de_DE\" \/>\n<meta property=\"og:type\" content=\"article\" \/>\n<meta property=\"og:title\" content=\"EISCREME F\u00dcR DIE OLYMPIADEVERORDNUNG - MIG - Mostra Internazionale del Gelato Artigianale\" \/>\n<meta property=\"og:description\" content=\"Anl\u00e4sslich der MIG &#8211; Internationale Ausstellung f\u00fcr handwerklich hergestelltes Speiseeis in Longarone (BL) organisieren der Verband GAT &#8211; Gelato Artisans Triveneto und das GA &#8211; Nationales Komitee f\u00fcr den Schutz und die Verbreitung von handwerklich hergestelltem und hausgemachtem Speiseeis, unter der Schirmherrschaft von ARTGLACE &#8211; Verband der Verb\u00e4nde der handwerklichen Speiseeishersteller der Europ\u00e4ischen Gemeinschaft und [&hellip;]\" \/>\n<meta property=\"og:url\" content=\"https:\/\/www.mostradelgelato.com\/de\/eiscreme-fur-die-olympiadeverordnung\/\" \/>\n<meta property=\"og:site_name\" content=\"MIG - Mostra Internazionale del Gelato Artigianale\" \/>\n<meta name=\"twitter:card\" content=\"summary_large_image\" \/>\n<meta name=\"twitter:label1\" content=\"Est. reading time\" \/>\n\t<meta name=\"twitter:data1\" content=\"4 minutes\" \/>\n<script type=\"application\/ld+json\" class=\"yoast-schema-graph\">{\"@context\":\"https:\\\/\\\/schema.org\",\"@graph\":[{\"@type\":\"WebPage\",\"@id\":\"https:\\\/\\\/www.mostradelgelato.com\\\/de\\\/eiscreme-fur-die-olympiadeverordnung\\\/\",\"url\":\"https:\\\/\\\/www.mostradelgelato.com\\\/de\\\/eiscreme-fur-die-olympiadeverordnung\\\/\",\"name\":\"EISCREME F\u00dcR DIE OLYMPIADEVERORDNUNG - MIG - Mostra Internazionale del Gelato Artigianale\",\"isPartOf\":{\"@id\":\"https:\\\/\\\/www.mostradelgelato.com\\\/de\\\/#website\"},\"datePublished\":\"2024-10-23T20:02:42+00:00\",\"breadcrumb\":{\"@id\":\"https:\\\/\\\/www.mostradelgelato.com\\\/de\\\/eiscreme-fur-die-olympiadeverordnung\\\/#breadcrumb\"},\"inLanguage\":\"de-DE\",\"potentialAction\":[{\"@type\":\"ReadAction\",\"target\":[\"https:\\\/\\\/www.mostradelgelato.com\\\/de\\\/eiscreme-fur-die-olympiadeverordnung\\\/\"]}]},{\"@type\":\"BreadcrumbList\",\"@id\":\"https:\\\/\\\/www.mostradelgelato.com\\\/de\\\/eiscreme-fur-die-olympiadeverordnung\\\/#breadcrumb\",\"itemListElement\":[{\"@type\":\"ListItem\",\"position\":1,\"name\":\"Home\",\"item\":\"https:\\\/\\\/www.mostradelgelato.com\\\/de\\\/home\\\/\"},{\"@type\":\"ListItem\",\"position\":2,\"name\":\"EISCREME F\u00dcR DIE OLYMPIADEVERORDNUNG\"}]},{\"@type\":\"WebSite\",\"@id\":\"https:\\\/\\\/www.mostradelgelato.com\\\/de\\\/#website\",\"url\":\"https:\\\/\\\/www.mostradelgelato.com\\\/de\\\/\",\"name\":\"MIG - Mostra Internazionale del Gelato Artigianale\",\"description\":\"Longarone Fiere Dolomiti\",\"potentialAction\":[{\"@type\":\"SearchAction\",\"target\":{\"@type\":\"EntryPoint\",\"urlTemplate\":\"https:\\\/\\\/www.mostradelgelato.com\\\/de\\\/?s={search_term_string}\"},\"query-input\":{\"@type\":\"PropertyValueSpecification\",\"valueRequired\":true,\"valueName\":\"search_term_string\"}}],\"inLanguage\":\"de-DE\"}]}<\/script>\n<!-- \/ Yoast SEO plugin. -->","yoast_head_json":{"title":"EISCREME F\u00dcR DIE OLYMPIADEVERORDNUNG - MIG - Mostra Internazionale del Gelato Artigianale","robots":{"index":"index","follow":"follow","max-snippet":"max-snippet:-1","max-image-preview":"max-image-preview:large","max-video-preview":"max-video-preview:-1"},"canonical":"https:\/\/www.mostradelgelato.com\/de\/eiscreme-fur-die-olympiadeverordnung\/","og_locale":"de_DE","og_type":"article","og_title":"EISCREME F\u00dcR DIE OLYMPIADEVERORDNUNG - MIG - Mostra Internazionale del Gelato Artigianale","og_description":"Anl\u00e4sslich der MIG &#8211; Internationale Ausstellung f\u00fcr handwerklich hergestelltes Speiseeis in Longarone (BL) organisieren der Verband GAT &#8211; Gelato Artisans Triveneto und das GA &#8211; Nationales Komitee f\u00fcr den Schutz und die Verbreitung von handwerklich hergestelltem und hausgemachtem Speiseeis, unter der Schirmherrschaft von ARTGLACE &#8211; Verband der Verb\u00e4nde der handwerklichen Speiseeishersteller der Europ\u00e4ischen Gemeinschaft und [&hellip;]","og_url":"https:\/\/www.mostradelgelato.com\/de\/eiscreme-fur-die-olympiadeverordnung\/","og_site_name":"MIG - Mostra Internazionale del Gelato Artigianale","twitter_card":"summary_large_image","twitter_misc":{"Est. reading time":"4 minutes"},"schema":{"@context":"https:\/\/schema.org","@graph":[{"@type":"WebPage","@id":"https:\/\/www.mostradelgelato.com\/de\/eiscreme-fur-die-olympiadeverordnung\/","url":"https:\/\/www.mostradelgelato.com\/de\/eiscreme-fur-die-olympiadeverordnung\/","name":"EISCREME F\u00dcR DIE OLYMPIADEVERORDNUNG - MIG - Mostra Internazionale del Gelato Artigianale","isPartOf":{"@id":"https:\/\/www.mostradelgelato.com\/de\/#website"},"datePublished":"2024-10-23T20:02:42+00:00","breadcrumb":{"@id":"https:\/\/www.mostradelgelato.com\/de\/eiscreme-fur-die-olympiadeverordnung\/#breadcrumb"},"inLanguage":"de-DE","potentialAction":[{"@type":"ReadAction","target":["https:\/\/www.mostradelgelato.com\/de\/eiscreme-fur-die-olympiadeverordnung\/"]}]},{"@type":"BreadcrumbList","@id":"https:\/\/www.mostradelgelato.com\/de\/eiscreme-fur-die-olympiadeverordnung\/#breadcrumb","itemListElement":[{"@type":"ListItem","position":1,"name":"Home","item":"https:\/\/www.mostradelgelato.com\/de\/home\/"},{"@type":"ListItem","position":2,"name":"EISCREME F\u00dcR DIE OLYMPIADEVERORDNUNG"}]},{"@type":"WebSite","@id":"https:\/\/www.mostradelgelato.com\/de\/#website","url":"https:\/\/www.mostradelgelato.com\/de\/","name":"MIG - Mostra Internazionale del Gelato Artigianale","description":"Longarone Fiere Dolomiti","potentialAction":[{"@type":"SearchAction","target":{"@type":"EntryPoint","urlTemplate":"https:\/\/www.mostradelgelato.com\/de\/?s={search_term_string}"},"query-input":{"@type":"PropertyValueSpecification","valueRequired":true,"valueName":"search_term_string"}}],"inLanguage":"de-DE"}]}},"_links":{"self":[{"href":"https:\/\/www.mostradelgelato.com\/de\/wp-json\/wp\/v2\/pages\/18214","targetHints":{"allow":["GET"]}}],"collection":[{"href":"https:\/\/www.mostradelgelato.com\/de\/wp-json\/wp\/v2\/pages"}],"about":[{"href":"https:\/\/www.mostradelgelato.com\/de\/wp-json\/wp\/v2\/types\/page"}],"author":[{"embeddable":true,"href":"https:\/\/www.mostradelgelato.com\/de\/wp-json\/wp\/v2\/users\/14"}],"replies":[{"embeddable":true,"href":"https:\/\/www.mostradelgelato.com\/de\/wp-json\/wp\/v2\/comments?post=18214"}],"version-history":[{"count":1,"href":"https:\/\/www.mostradelgelato.com\/de\/wp-json\/wp\/v2\/pages\/18214\/revisions"}],"predecessor-version":[{"id":20536,"href":"https:\/\/www.mostradelgelato.com\/de\/wp-json\/wp\/v2\/pages\/18214\/revisions\/20536"}],"wp:attachment":[{"href":"https:\/\/www.mostradelgelato.com\/de\/wp-json\/wp\/v2\/media?parent=18214"}],"curies":[{"name":"wp","href":"https:\/\/api.w.org\/{rel}","templated":true}]}}